{"id":3610,"date":"2024-09-10T11:04:13","date_gmt":"2024-09-10T11:04:13","guid":{"rendered":"https:\/\/csdcorp.us\/impressum\/"},"modified":"2025-07-01T11:01:48","modified_gmt":"2025-07-01T11:01:48","slug":"imprint","status":"publish","type":"page","link":"https:\/\/csdcorp.us\/fr\/imprint\/","title":{"rendered":"Impression"},"content":{"rendered":"<div data-elementor-type=\"wp-page\" data-elementor-id=\"3610\" class=\"elementor elementor-3610\" data-elementor-post-type=\"page\">\n\t\t\t\t<div class=\"elementor-element elementor-element-68d35e4d e-flex e-con-boxed e-con e-parent\" data-id=\"68d35e4d\" data-element_type=\"container\" data-e-type=\"container\">\n\t\t\t\t\t<div class=\"e-con-inner\">\n\t\t\t\t<div class=\"elementor-element elementor-element-5754e04a elementor-widget elementor-widget-shortcode\" data-id=\"5754e04a\" data-element_type=\"widget\" data-e-type=\"widget\" data-widget_type=\"shortcode.default\">\n\t\t\t\t<div class=\"elementor-widget-container\">\n\t\t\t\t\t\t\t<div class=\"elementor-shortcode\"><h2>Impression<\/h2>\n\n\n<!-- Legal document generated by Complianz | GDPR\/CCPA Cookie Consent https:\/\/wordpress.org\/plugins\/complianz-gdpr -->\n<div id=\"cmplz-document\" class=\"cmplz-document impressum cmplz-document-all\"><p><i>Cette mention l\u00e9gale a \u00e9t\u00e9 mise \u00e0 jour pour la derni\u00e8re fois le 2025-10-04.<\/i><\/p><p class=\"cmplz-subtitle\">Le propri\u00e9taire de ce site web est :<\/p><p>CS Diagnostics Corp. Corporation<br>1603 Capitol Avenue, Suite 413<br \/>\nCheyenne, Wyoming 82001<br>\u00c9tats-Unis<br>Courriel :&nbsp;<span class=\"cmplz-obfuscate\">info@<span class=\"cmplz-fmail-domain\">ex.com<\/span>csdcorp.us<\/span><br>Num\u00e9ro de t\u00e9l\u00e9phone : +1(307)3957333<br><\/p><p class=\"cmplz-subtitle\">Le(s) repr\u00e9sentant(s) l\u00e9gal(aux) de CS Diagnostics Corp. Corporation :<\/p><p>Mohammad EsSayed, Thomas Fahrhoefer<\/p><h2>1. G\u00e9n\u00e9ralit\u00e9s<\/h2><p class=\"cmplz-subtitle\">1.1 Le nom de notre autorit\u00e9 de contr\u00f4le est :<\/p><p>Commission des valeurs mobili\u00e8res et des changes (SEC)<\/p><p>Nous ne sommes pas dispos\u00e9s ou oblig\u00e9s de participer \u00e0 des proc\u00e9dures de r\u00e9solution des litiges devant une commission d'arbitrage des consommateurs.<\/p><h2>2. Les informations suivantes sont obligatoires en vertu de la loi allemande.<\/h2><p class=\"cmplz-subtitle\">2.1 Nous mettons \u00e0 disposition des informations journalistiques et r\u00e9dactionnelles.<\/p><p>Par cons\u00e9quent, nous devons conna\u00eetre le nom et le lieu de r\u00e9sidence de la personne qui, pour le contenu de ce site Web, est comp\u00e9tente :<br \/><br \/>Verantwortlich f\u00fcr den Inhalt nach \u00a7 18 Abs. 2 MStV ist : Mohammad EsSayed, Thomas Fahrhoefer aus Dubai.<\/p><\/div><\/div>\n\t\t\t\t\t\t<\/div>\n\t\t\t\t<\/div>\n\t\t\t\t\t<\/div>\n\t\t\t\t<\/div>\n\t\t\t\t<\/div>","protected":false},"excerpt":{"rendered":"<p>Impression<\/p>","protected":false},"author":1,"featured_media":0,"parent":0,"menu_order":0,"comment_status":"closed","ping_status":"closed","template":"elementor_theme","meta":{"footnotes":""},"class_list":["post-3610","page","type-page","status-publish","hentry"],"_links":{"self":[{"href":"https:\/\/csdcorp.us\/fr\/wp-json\/wp\/v2\/pages\/3610","targetHints":{"allow":["GET"]}}],"collection":[{"href":"https:\/\/csdcorp.us\/fr\/wp-json\/wp\/v2\/pages"}],"about":[{"href":"https:\/\/csdcorp.us\/fr\/wp-json\/wp\/v2\/types\/page"}],"author":[{"embeddable":true,"href":"https:\/\/csdcorp.us\/fr\/wp-json\/wp\/v2\/users\/1"}],"replies":[{"embeddable":true,"href":"https:\/\/csdcorp.us\/fr\/wp-json\/wp\/v2\/comments?post=3610"}],"version-history":[{"count":19,"href":"https:\/\/csdcorp.us\/fr\/wp-json\/wp\/v2\/pages\/3610\/revisions"}],"predecessor-version":[{"id":3643,"href":"https:\/\/csdcorp.us\/fr\/wp-json\/wp\/v2\/pages\/3610\/revisions\/3643"}],"wp:attachment":[{"href":"https:\/\/csdcorp.us\/fr\/wp-json\/wp\/v2\/media?parent=3610"}],"curies":[{"name":"wp","href":"https:\/\/api.w.org\/{rel}","templated":true}]}}