{"id":4383,"date":"2025-07-01T11:01:48","date_gmt":"2025-07-01T11:01:48","guid":{"rendered":"https:\/\/csdcorp.us\/haftungsausschluss\/"},"modified":"2025-10-13T13:36:17","modified_gmt":"2025-10-13T13:36:17","slug":"haftungsausschluss","status":"publish","type":"page","link":"https:\/\/csdcorp.us\/de\/haftungsausschluss\/","title":{"rendered":"Haftungsausschluss"},"content":{"rendered":"<div data-elementor-type=\"wp-page\" data-elementor-id=\"4383\" class=\"elementor elementor-4383\" data-elementor-post-type=\"page\">\n\t\t\t\t<div class=\"elementor-element elementor-element-49e540f e-flex e-con-boxed e-con e-parent\" data-id=\"49e540f\" data-element_type=\"container\" data-e-type=\"container\">\n\t\t\t\t\t<div class=\"e-con-inner\">\n\t\t\t\t<div class=\"elementor-element elementor-element-8b71b10 elementor-widget elementor-widget-heading\" data-id=\"8b71b10\" data-element_type=\"widget\" data-e-type=\"widget\" data-widget_type=\"heading.default\">\n\t\t\t\t<div class=\"elementor-widget-container\">\n\t\t\t\t\t<h2 class=\"elementor-heading-title elementor-size-default\">Diskalimer<\/h2>\t\t\t\t<\/div>\n\t\t\t\t<\/div>\n\t\t\t\t\t<\/div>\n\t\t\t\t<\/div>\n\t\t<div class=\"elementor-element elementor-element-3db64a85 e-flex e-con-boxed e-con e-parent\" data-id=\"3db64a85\" data-element_type=\"container\" data-e-type=\"container\">\n\t\t\t\t\t<div class=\"e-con-inner\">\n\t\t\t\t<div class=\"elementor-element elementor-element-157abb52 elementor-widget elementor-widget-shortcode\" data-id=\"157abb52\" data-element_type=\"widget\" data-e-type=\"widget\" data-widget_type=\"shortcode.default\">\n\t\t\t\t<div class=\"elementor-widget-container\">\n\t\t\t\t\t\t\t<div class=\"elementor-shortcode\">\n<!-- Legal document generated by Complianz | GDPR\/CCPA Cookie Consent https:\/\/wordpress.org\/plugins\/complianz-gdpr -->\n<div id=\"cmplz-document\" class=\"cmplz-document disclaimer cmplz-document-all\"><p>CS Diagnostics Corp. ist bestrebt, diese Website auf dem neuesten Stand und korrekt zu halten. Sollten Sie dennoch auf falsche oder veraltete Informationen sto\u00dfen, w\u00e4ren wir Ihnen dankbar, wenn Sie uns dies mitteilen k\u00f6nnten. Bitte geben Sie an, wo auf der Website Sie die Informationen gelesen haben. Wir werden uns dann so schnell wie m\u00f6glich darum k\u00fcmmern. Bitte senden Sie Ihre Antwort per E-Mail an: <span class=\"cmplz-obfuscate\">info@<span class=\"cmplz-fmail-domain\">ex.com<\/span>csdcorp.us<\/span>.<\/p><p>Wir haften weder f\u00fcr Sch\u00e4den infolge von Ungenauigkeiten oder Unvollst\u00e4ndigkeiten noch f\u00fcr Sch\u00e4den aufgrund von Problemen, die durch die Verbreitung von Informationen \u00fcber das Internet verursacht werden oder damit verbunden sind, wie z. B. St\u00f6rungen oder Unterbrechungen. Bei der Verwendung von Webformularen bem\u00fchen wir uns, die Zahl der erforderlichen Felder auf ein Minimum zu beschr\u00e4nken. F\u00fcr Sch\u00e4den, die durch die Verwendung von Daten, Ratschl\u00e4gen oder Ideen entstehen, die von oder im Namen der CS Diagnostics Corp. \u00fcber diese Website bereitgestellt werden, \u00fcbernimmt die CS Diagnostics Corp. keine Haftung.<\/p><p>Alle personenbezogenen Daten, die Sie uns im Rahmen Ihrer Antwort oder Ihrer Informationsanfrage zur Verf\u00fcgung stellen, werden ausschlie\u00dflich in \u00dcbereinstimmung mit unserer Datenschutzerkl\u00e4rung verwendet.<\/p><p>Die CS Diagnostics Corp. unternimmt alle zumutbaren Anstrengungen, um ihre Systeme gegen jede Form der unrechtm\u00e4\u00dfigen Nutzung zu sch\u00fctzen. Die CS Diagnostics Corp. wird zu diesem Zweck angemessene technische und organisatorische Ma\u00dfnahmen ergreifen, die unter anderem den Stand der Technik ber\u00fccksichtigen. Die CS Diagnostics Corp. haftet jedoch nicht f\u00fcr direkte und\/oder indirekte Sch\u00e4den, die einem Nutzer der Website durch die unrechtm\u00e4\u00dfige Nutzung ihrer Systeme durch einen Dritten entstehen.<\/p><p>Die CS Diagnostics Corp. \u00fcbernimmt keine Verantwortung f\u00fcr den Inhalt von Websites, auf die oder von denen ein Hyperlink oder ein sonstiger Hinweis erfolgt. Produkte oder Dienstleistungen, die von Dritten angeboten werden, unterliegen den geltenden Gesch\u00e4ftsbedingungen dieser Dritten.<\/p><p>Unsere Mitarbeiter bem\u00fchen sich nach Kr\u00e4ften, die Zug\u00e4nglichkeit unserer Website zu gew\u00e4hrleisten und sie st\u00e4ndig zu verbessern. Auch f\u00fcr Menschen, die aufgrund einer Behinderung spezielle Software verwenden.<\/p><p>Diese Website wurde daher nach den Richtlinien der WCAG 2.1 Stufe AA erstellt. Diese Richtlinien sind international anerkannte Vereinbarungen \u00fcber Zug\u00e4nglichkeit, Nachhaltigkeit, Austauschbarkeit und Auffindbarkeit von Websites.<\/p><p>Alle geistigen Eigentumsrechte an den Inhalten dieser Website liegen bei der CS Diagnostics Corp.<\/p><p>Die Vervielf\u00e4ltigung, Verbreitung und sonstige Nutzung dieser Materialien ist ohne schriftliche Genehmigung der CS Diagnostics Corp. nicht gestattet, es sei denn, zwingende gesetzliche Vorschriften (z.B. das Zitatrecht) schreiben etwas anderes vor oder der konkrete Inhalt erfordert etwas anderes.<\/p><p>Sollten Sie Fragen oder Probleme mit der Zug\u00e4nglichkeit der Website haben, z\u00f6gern Sie bitte nicht, uns zu kontaktieren.<\/p><\/div><\/div>\n\t\t\t\t\t\t<\/div>\n\t\t\t\t<\/div>\n\t\t\t\t\t<\/div>\n\t\t\t\t<\/div>\n\t\t\t\t<\/div>","protected":false},"excerpt":{"rendered":"<p>Diskalimer<\/p>","protected":false},"author":1,"featured_media":0,"parent":0,"menu_order":0,"comment_status":"closed","ping_status":"closed","template":"","meta":{"footnotes":""},"class_list":["post-4383","page","type-page","status-publish","hentry"],"_links":{"self":[{"href":"https:\/\/csdcorp.us\/de\/wp-json\/wp\/v2\/pages\/4383","targetHints":{"allow":["GET"]}}],"collection":[{"href":"https:\/\/csdcorp.us\/de\/wp-json\/wp\/v2\/pages"}],"about":[{"href":"https:\/\/csdcorp.us\/de\/wp-json\/wp\/v2\/types\/page"}],"author":[{"embeddable":true,"href":"https:\/\/csdcorp.us\/de\/wp-json\/wp\/v2\/users\/1"}],"replies":[{"embeddable":true,"href":"https:\/\/csdcorp.us\/de\/wp-json\/wp\/v2\/comments?post=4383"}],"version-history":[{"count":12,"href":"https:\/\/csdcorp.us\/de\/wp-json\/wp\/v2\/pages\/4383\/revisions"}],"predecessor-version":[{"id":5973,"href":"https:\/\/csdcorp.us\/de\/wp-json\/wp\/v2\/pages\/4383\/revisions\/5973"}],"wp:attachment":[{"href":"https:\/\/csdcorp.us\/de\/wp-json\/wp\/v2\/media?parent=4383"}],"curies":[{"name":"wp","href":"https:\/\/api.w.org\/{rel}","templated":true}]}}