{"id":326,"date":"2024-01-16T07:02:40","date_gmt":"2024-01-16T07:02:40","guid":{"rendered":"https:\/\/csinterpharm.ae\/?page_id=326"},"modified":"2025-07-18T18:44:40","modified_gmt":"2025-07-18T18:44:40","slug":"about-us","status":"publish","type":"page","link":"https:\/\/csdcorp.us\/de\/about-us\/","title":{"rendered":"\u00dcber uns"},"content":{"rendered":"<div data-elementor-type=\"wp-page\" data-elementor-id=\"326\" class=\"elementor elementor-326\" data-elementor-post-type=\"page\">\n\t\t\t\t\t\t<section class=\"elementor-section elementor-top-section elementor-element elementor-element-25a20be6 animated-slow elementor-section-boxed elementor-section-height-default elementor-section-height-default elementor-invisible\" data-id=\"25a20be6\" data-element_type=\"section\" data-e-type=\"section\" data-settings=\"{&quot;background_background&quot;:&quot;classic&quot;,&quot;animation&quot;:&quot;fadeIn&quot;}\">\n\t\t\t\t\t\t\t<div class=\"elementor-background-overlay\"><\/div>\n\t\t\t\t\t\t\t<div class=\"elementor-container elementor-column-gap-default\">\n\t\t\t\t\t<div class=\"elementor-column elementor-col-100 elementor-top-column elementor-element elementor-element-6bdb1530\" data-id=\"6bdb1530\" data-element_type=\"column\" data-e-type=\"column\">\n\t\t\t<div class=\"elementor-widget-wrap elementor-element-populated\">\n\t\t\t\t\t\t<div class=\"elementor-element elementor-element-1cc329c6 elementor-widget elementor-widget-heading\" data-id=\"1cc329c6\" data-element_type=\"widget\" data-e-type=\"widget\" data-widget_type=\"heading.default\">\n\t\t\t\t<div class=\"elementor-widget-container\">\n\t\t\t\t\t<h2 class=\"elementor-heading-title elementor-size-default\">\u00fcber uns<\/h2>\t\t\t\t<\/div>\n\t\t\t\t<\/div>\n\t\t\t\t\t<\/div>\n\t\t<\/div>\n\t\t\t\t\t<\/div>\n\t\t<\/section>\n\t\t\t\t<section class=\"elementor-section elementor-top-section elementor-element elementor-element-7a86a5bc elementor-section-boxed elementor-section-height-default elementor-section-height-default\" data-id=\"7a86a5bc\" data-element_type=\"section\" data-e-type=\"section\" data-settings=\"{&quot;background_background&quot;:&quot;classic&quot;,&quot;animation&quot;:&quot;none&quot;}\">\n\t\t\t\t\t\t<div class=\"elementor-container elementor-column-gap-default\">\n\t\t\t\t\t<div class=\"elementor-column elementor-col-100 elementor-top-column elementor-element elementor-element-1465f106 animated-slow elementor-invisible\" data-id=\"1465f106\" data-element_type=\"column\" data-e-type=\"column\" data-settings=\"{&quot;animation&quot;:&quot;zoomIn&quot;}\">\n\t\t\t<div class=\"elementor-widget-wrap elementor-element-populated\">\n\t\t\t\t\t\t<div class=\"elementor-element elementor-element-37a9eeaa elementor-widget elementor-widget-jkit_heading\" data-id=\"37a9eeaa\" data-element_type=\"widget\" data-e-type=\"widget\" data-widget_type=\"jkit_heading.default\">\n\t\t\t\t<div class=\"elementor-widget-container\">\n\t\t\t\t\t<div  class=\"jeg-elementor-kit jkit-heading  align-center align-tablet- align-mobile-center jeg_module___69ee414a39e97\" ><div class=\"heading-section-title  display-inline-block\"><h2 class=\"heading-title\">Wer <span class=\"style-color\"><span> Wir sind<\/span><\/span><\/h2><\/div><\/div>\t\t\t\t<\/div>\n\t\t\t\t<\/div>\n\t\t\t\t<div class=\"elementor-element elementor-element-4ea02d0e elementor-widget elementor-widget-text-editor\" data-id=\"4ea02d0e\" data-element_type=\"widget\" data-e-type=\"widget\" data-widget_type=\"text-editor.default\">\n\t\t\t\t<div class=\"elementor-widget-container\">\n\t\t\t\t\t\t\t\t\t<p>CS Diagnostics Corp., ein renommiertes Mitglied der CS Group, ist ein f\u00fchrendes Unternehmen der Medizinbranche, das sich f\u00fcr die Verbesserung der Patientenversorgung durch innovative L\u00f6sungen einsetzt. Mit jahrzehntelanger Erfahrung in der Entwicklung, Herstellung und dem Vertrieb von Wellness- und Medizinprodukten haben wir uns als zuverl\u00e4ssiger Partner im globalen Gesundheitswesen etabliert.\u00a0<\/p>\t\t\t\t\t\t\t\t<\/div>\n\t\t\t\t<\/div>\n\t\t\t\t\t<\/div>\n\t\t<\/div>\n\t\t\t\t\t<\/div>\n\t\t<\/section>\n\t\t\t\t<section class=\"elementor-section elementor-top-section elementor-element elementor-element-220b986 elementor-section-boxed elementor-section-height-default elementor-section-height-default\" data-id=\"220b986\" data-element_type=\"section\" data-e-type=\"section\" data-settings=\"{&quot;background_background&quot;:&quot;classic&quot;,&quot;animation&quot;:&quot;none&quot;}\">\n\t\t\t\t\t\t<div class=\"elementor-container elementor-column-gap-default\">\n\t\t\t\t\t<div class=\"elementor-column elementor-col-100 elementor-top-column elementor-element elementor-element-2bd1fa2 animated-slow elementor-invisible\" data-id=\"2bd1fa2\" data-element_type=\"column\" data-e-type=\"column\" data-settings=\"{&quot;animation&quot;:&quot;zoomIn&quot;}\">\n\t\t\t<div class=\"elementor-widget-wrap elementor-element-populated\">\n\t\t\t\t\t\t<div class=\"elementor-element elementor-element-a6e2dd5 elementor-widget elementor-widget-jkit_heading\" data-id=\"a6e2dd5\" data-element_type=\"widget\" data-e-type=\"widget\" data-widget_type=\"jkit_heading.default\">\n\t\t\t\t<div class=\"elementor-widget-container\">\n\t\t\t\t\t<div  class=\"jeg-elementor-kit jkit-heading  align-center align-tablet- align-mobile-center jeg_module__1_69ee414a3cf2b\" ><div class=\"heading-section-title  display-inline-block\"><h2 class=\"heading-title\">Was  <span class=\"style-color\"><span>Wir tun<\/span><\/span><\/h2><\/div><\/div>\t\t\t\t<\/div>\n\t\t\t\t<\/div>\n\t\t\t\t<div class=\"elementor-element elementor-element-ecdfbec elementor-widget elementor-widget-text-editor\" data-id=\"ecdfbec\" data-element_type=\"widget\" data-e-type=\"widget\" data-widget_type=\"text-editor.default\">\n\t\t\t\t<div class=\"elementor-widget-container\">\n\t\t\t\t\t\t\t\t\t<p>CS Diagnostics Corp. bedient einen vielseitigen internationalen Markt und ist darauf spezialisiert, komplizierte beh\u00f6rdliche Rahmenbedingungen zu durchqueren, um die Zulassung und den Vertrieb von Produkten zu erreichen. Unsere globale Pr\u00e4senz wird durch strategische Kooperationen mit Gesundheitsdienstleistern auf der ganzen Welt gest\u00e4rkt, die sicherstellen, dass unsere umfassenden Dienstleistungen und L\u00f6sungen in mehreren L\u00e4ndern verf\u00fcgbar sind. Mit dem Fokus auf Qualit\u00e4t und einer breiten Palette von L\u00f6sungen ist CS Diagnostics Corp. gut positioniert, um die Zukunft des Gesundheitswesens zu ver\u00e4ndern, indem wir unser Versprechen von mehr Gesundheit durch bessere Technologie einl\u00f6sen.<\/p>\t\t\t\t\t\t\t\t<\/div>\n\t\t\t\t<\/div>\n\t\t\t\t\t<\/div>\n\t\t<\/div>\n\t\t\t\t\t<\/div>\n\t\t<\/section>\n\t\t\t\t<section class=\"elementor-section elementor-top-section elementor-element elementor-element-10ea500e elementor-section-full_width elementor-section-height-default elementor-section-height-default\" data-id=\"10ea500e\" data-element_type=\"section\" data-e-type=\"section\" data-settings=\"{&quot;background_background&quot;:&quot;classic&quot;}\">\n\t\t\t\t\t\t<div class=\"elementor-container elementor-column-gap-default\">\n\t\t\t\t\t<div class=\"elementor-column elementor-col-100 elementor-top-column elementor-element elementor-element-37551bb6\" data-id=\"37551bb6\" data-element_type=\"column\" data-e-type=\"column\">\n\t\t\t<div class=\"elementor-widget-wrap elementor-element-populated\">\n\t\t\t\t\t\t<section class=\"elementor-section elementor-inner-section elementor-element elementor-element-438b4bd2 elementor-section-boxed elementor-section-height-default elementor-section-height-default\" data-id=\"438b4bd2\" data-element_type=\"section\" data-e-type=\"section\">\n\t\t\t\t\t\t<div class=\"elementor-container elementor-column-gap-default\">\n\t\t\t\t\t<div class=\"elementor-column elementor-col-100 elementor-inner-column elementor-element elementor-element-1a821c95 elementor-invisible\" data-id=\"1a821c95\" data-element_type=\"column\" data-e-type=\"column\" data-settings=\"{&quot;animation&quot;:&quot;slideInLeft&quot;,&quot;background_background&quot;:&quot;classic&quot;}\">\n\t\t\t<div class=\"elementor-widget-wrap elementor-element-populated\">\n\t\t\t\t\t\t<div class=\"elementor-element elementor-element-68031f38 elementor-widget elementor-widget-image\" data-id=\"68031f38\" data-element_type=\"widget\" data-e-type=\"widget\" data-widget_type=\"image.default\">\n\t\t\t\t<div class=\"elementor-widget-container\">\n\t\t\t\t\t\t\t\t\t\t\t\t\t\t\t<img fetchpriority=\"high\" decoding=\"async\" width=\"1066\" height=\"1600\" src=\"https:\/\/csdcorp.us\/wp-content\/uploads\/2024\/06\/WhatsApp-Image-2024-05-21-at-11.29.02-AM.jpeg\" class=\"attachment-full size-full wp-image-2992\" alt=\"Thomas Fahrhoefer, Chairman CS Diagnostics Corp.\" srcset=\"https:\/\/csdcorp.us\/wp-content\/uploads\/2024\/06\/WhatsApp-Image-2024-05-21-at-11.29.02-AM.jpeg 1066w, https:\/\/csdcorp.us\/wp-content\/uploads\/2024\/06\/WhatsApp-Image-2024-05-21-at-11.29.02-AM-200x300.jpeg 200w, https:\/\/csdcorp.us\/wp-content\/uploads\/2024\/06\/WhatsApp-Image-2024-05-21-at-11.29.02-AM-682x1024.jpeg 682w, https:\/\/csdcorp.us\/wp-content\/uploads\/2024\/06\/WhatsApp-Image-2024-05-21-at-11.29.02-AM-768x1153.jpeg 768w, https:\/\/csdcorp.us\/wp-content\/uploads\/2024\/06\/WhatsApp-Image-2024-05-21-at-11.29.02-AM-1023x1536.jpeg 1023w\" sizes=\"(max-width: 1066px) 100vw, 1066px\" \/>\t\t\t\t\t\t\t\t\t\t\t\t\t\t\t<\/div>\n\t\t\t\t<\/div>\n\t\t\t\t<div class=\"elementor-element elementor-element-0f31d9a elementor-widget elementor-widget-heading\" data-id=\"0f31d9a\" data-element_type=\"widget\" data-e-type=\"widget\" data-widget_type=\"heading.default\">\n\t\t\t\t<div class=\"elementor-widget-container\">\n\t\t\t\t\t<h2 class=\"elementor-heading-title elementor-size-default\">Thomas Fahrhoefer<\/h2>\t\t\t\t<\/div>\n\t\t\t\t<\/div>\n\t\t\t\t<div class=\"elementor-element elementor-element-a29b534 elementor-widget elementor-widget-heading\" data-id=\"a29b534\" data-element_type=\"widget\" data-e-type=\"widget\" data-widget_type=\"heading.default\">\n\t\t\t\t<div class=\"elementor-widget-container\">\n\t\t\t\t\t<h2 class=\"elementor-heading-title elementor-size-default\">Pr\u00e4sident des Verwaltungsrats<\/h2>\t\t\t\t<\/div>\n\t\t\t\t<\/div>\n\t\t\t\t\t<\/div>\n\t\t<\/div>\n\t\t\t\t\t<\/div>\n\t\t<\/section>\n\t\t\t\t<section class=\"elementor-section elementor-inner-section elementor-element elementor-element-d5564aa elementor-section-boxed elementor-section-height-default elementor-section-height-default\" data-id=\"d5564aa\" data-element_type=\"section\" data-e-type=\"section\">\n\t\t\t\t\t\t<div class=\"elementor-container elementor-column-gap-default\">\n\t\t\t\t\t<div class=\"elementor-column elementor-col-50 elementor-inner-column elementor-element elementor-element-0c770b8 elementor-invisible\" data-id=\"0c770b8\" data-element_type=\"column\" data-e-type=\"column\" data-settings=\"{&quot;animation&quot;:&quot;slideInLeft&quot;,&quot;background_background&quot;:&quot;classic&quot;}\">\n\t\t\t<div class=\"elementor-widget-wrap elementor-element-populated\">\n\t\t\t\t\t\t<div class=\"elementor-element elementor-element-679e337 elementor-widget elementor-widget-image\" data-id=\"679e337\" data-element_type=\"widget\" data-e-type=\"widget\" data-widget_type=\"image.default\">\n\t\t\t\t<div class=\"elementor-widget-container\">\n\t\t\t\t\t\t\t\t\t\t\t\t\t\t\t<img decoding=\"async\" width=\"2218\" height=\"2560\" src=\"https:\/\/csdcorp.us\/wp-content\/uploads\/2024\/06\/WhatsApp-Image-2024-05-21-at-10.05.50-AM-scaled.jpeg\" class=\"attachment-full size-full wp-image-2993\" alt=\"\" srcset=\"https:\/\/csdcorp.us\/wp-content\/uploads\/2024\/06\/WhatsApp-Image-2024-05-21-at-10.05.50-AM-scaled.jpeg 2218w, https:\/\/csdcorp.us\/wp-content\/uploads\/2024\/06\/WhatsApp-Image-2024-05-21-at-10.05.50-AM-260x300.jpeg 260w, https:\/\/csdcorp.us\/wp-content\/uploads\/2024\/06\/WhatsApp-Image-2024-05-21-at-10.05.50-AM-887x1024.jpeg 887w, https:\/\/csdcorp.us\/wp-content\/uploads\/2024\/06\/WhatsApp-Image-2024-05-21-at-10.05.50-AM-768x886.jpeg 768w, https:\/\/csdcorp.us\/wp-content\/uploads\/2024\/06\/WhatsApp-Image-2024-05-21-at-10.05.50-AM-1331x1536.jpeg 1331w, https:\/\/csdcorp.us\/wp-content\/uploads\/2024\/06\/WhatsApp-Image-2024-05-21-at-10.05.50-AM-1775x2048.jpeg 1775w\" sizes=\"(max-width: 2218px) 100vw, 2218px\" \/>\t\t\t\t\t\t\t\t\t\t\t\t\t\t\t<\/div>\n\t\t\t\t<\/div>\n\t\t\t\t<div class=\"elementor-element elementor-element-1669a6f elementor-widget elementor-widget-heading\" data-id=\"1669a6f\" data-element_type=\"widget\" data-e-type=\"widget\" data-widget_type=\"heading.default\">\n\t\t\t\t<div class=\"elementor-widget-container\">\n\t\t\t\t\t<h2 class=\"elementor-heading-title elementor-size-default\">Mohammad EsSayed <\/h2>\t\t\t\t<\/div>\n\t\t\t\t<\/div>\n\t\t\t\t<div class=\"elementor-element elementor-element-314db28 elementor-widget elementor-widget-heading\" data-id=\"314db28\" data-element_type=\"widget\" data-e-type=\"widget\" data-widget_type=\"heading.default\">\n\t\t\t\t<div class=\"elementor-widget-container\">\n\t\t\t\t\t<h2 class=\"elementor-heading-title elementor-size-default\">Vizepr\u00e4sident und Finanzvorstand<\/h2>\t\t\t\t<\/div>\n\t\t\t\t<\/div>\n\t\t\t\t\t<\/div>\n\t\t<\/div>\n\t\t\t\t<div class=\"elementor-column elementor-col-50 elementor-inner-column elementor-element elementor-element-874b838 elementor-invisible\" data-id=\"874b838\" data-element_type=\"column\" data-e-type=\"column\" data-settings=\"{&quot;animation&quot;:&quot;slideInLeft&quot;,&quot;background_background&quot;:&quot;classic&quot;}\">\n\t\t\t<div class=\"elementor-widget-wrap elementor-element-populated\">\n\t\t\t\t\t\t<div class=\"elementor-element elementor-element-efd7c83 elementor-widget elementor-widget-image\" data-id=\"efd7c83\" data-element_type=\"widget\" data-e-type=\"widget\" data-widget_type=\"image.default\">\n\t\t\t\t<div class=\"elementor-widget-container\">\n\t\t\t\t\t\t\t\t\t\t\t\t\t\t\t<img decoding=\"async\" width=\"1176\" height=\"1254\" src=\"https:\/\/csdcorp.us\/wp-content\/uploads\/2025\/07\/Sabrina-Godehardt.jpeg\" class=\"attachment-full size-full wp-image-4545\" alt=\"\" srcset=\"https:\/\/csdcorp.us\/wp-content\/uploads\/2025\/07\/Sabrina-Godehardt.jpeg 1176w, https:\/\/csdcorp.us\/wp-content\/uploads\/2025\/07\/Sabrina-Godehardt-281x300.jpeg 281w, https:\/\/csdcorp.us\/wp-content\/uploads\/2025\/07\/Sabrina-Godehardt-960x1024.jpeg 960w, https:\/\/csdcorp.us\/wp-content\/uploads\/2025\/07\/Sabrina-Godehardt-768x819.jpeg 768w\" sizes=\"(max-width: 1176px) 100vw, 1176px\" \/>\t\t\t\t\t\t\t\t\t\t\t\t\t\t\t<\/div>\n\t\t\t\t<\/div>\n\t\t\t\t<div class=\"elementor-element elementor-element-d176d57 elementor-widget elementor-widget-heading\" data-id=\"d176d57\" data-element_type=\"widget\" data-e-type=\"widget\" data-widget_type=\"heading.default\">\n\t\t\t\t<div class=\"elementor-widget-container\">\n\t\t\t\t\t<h2 class=\"elementor-heading-title elementor-size-default\">Sabrina Godehardt<\/h2>\t\t\t\t<\/div>\n\t\t\t\t<\/div>\n\t\t\t\t<div class=\"elementor-element elementor-element-aa8af72 elementor-widget elementor-widget-heading\" data-id=\"aa8af72\" data-element_type=\"widget\" data-e-type=\"widget\" data-widget_type=\"heading.default\">\n\t\t\t\t<div class=\"elementor-widget-container\">\n\t\t\t\t\t<h2 class=\"elementor-heading-title elementor-size-default\">Direktor f\u00fcr Gesch\u00e4ftsentwicklung<\/h2>\t\t\t\t<\/div>\n\t\t\t\t<\/div>\n\t\t\t\t\t<\/div>\n\t\t<\/div>\n\t\t\t\t\t<\/div>\n\t\t<\/section>\n\t\t\t\t<section class=\"elementor-section elementor-inner-section elementor-element elementor-element-63d9b09 elementor-section-boxed elementor-section-height-default elementor-section-height-default\" data-id=\"63d9b09\" data-element_type=\"section\" data-e-type=\"section\">\n\t\t\t\t\t\t<div class=\"elementor-container elementor-column-gap-default\">\n\t\t\t\t\t<div class=\"elementor-column elementor-col-33 elementor-inner-column elementor-element elementor-element-a8b6abc elementor-invisible\" data-id=\"a8b6abc\" data-element_type=\"column\" data-e-type=\"column\" data-settings=\"{&quot;animation&quot;:&quot;slideInLeft&quot;,&quot;background_background&quot;:&quot;classic&quot;}\">\n\t\t\t<div class=\"elementor-widget-wrap elementor-element-populated\">\n\t\t\t\t\t\t<div class=\"elementor-element elementor-element-747c877 elementor-widget elementor-widget-image\" data-id=\"747c877\" data-element_type=\"widget\" data-e-type=\"widget\" data-widget_type=\"image.default\">\n\t\t\t\t<div class=\"elementor-widget-container\">\n\t\t\t\t\t\t\t\t\t\t\t\t\t\t\t<img loading=\"lazy\" decoding=\"async\" width=\"2048\" height=\"2560\" src=\"https:\/\/csdcorp.us\/wp-content\/uploads\/2024\/08\/janel-scaled.jpg\" class=\"attachment-full size-full wp-image-3305\" alt=\"\" srcset=\"https:\/\/csdcorp.us\/wp-content\/uploads\/2024\/08\/janel-scaled.jpg 2048w, https:\/\/csdcorp.us\/wp-content\/uploads\/2024\/08\/janel-240x300.jpg 240w, https:\/\/csdcorp.us\/wp-content\/uploads\/2024\/08\/janel-819x1024.jpg 819w, https:\/\/csdcorp.us\/wp-content\/uploads\/2024\/08\/janel-768x960.jpg 768w, https:\/\/csdcorp.us\/wp-content\/uploads\/2024\/08\/janel-1229x1536.jpg 1229w, https:\/\/csdcorp.us\/wp-content\/uploads\/2024\/08\/janel-1639x2048.jpg 1639w\" sizes=\"(max-width: 2048px) 100vw, 2048px\" \/>\t\t\t\t\t\t\t\t\t\t\t\t\t\t\t<\/div>\n\t\t\t\t<\/div>\n\t\t\t\t<div class=\"elementor-element elementor-element-cd1c382 elementor-widget elementor-widget-heading\" data-id=\"cd1c382\" data-element_type=\"widget\" data-e-type=\"widget\" data-widget_type=\"heading.default\">\n\t\t\t\t<div class=\"elementor-widget-container\">\n\t\t\t\t\t<h2 class=\"elementor-heading-title elementor-size-default\">Janel Luzana <\/h2>\t\t\t\t<\/div>\n\t\t\t\t<\/div>\n\t\t\t\t<div class=\"elementor-element elementor-element-e525b1a elementor-widget elementor-widget-heading\" data-id=\"e525b1a\" data-element_type=\"widget\" data-e-type=\"widget\" data-widget_type=\"heading.default\">\n\t\t\t\t<div class=\"elementor-widget-container\">\n\t\t\t\t\t<h2 class=\"elementor-heading-title elementor-size-default\">Gesellschaftssekret\u00e4r<\/h2>\t\t\t\t<\/div>\n\t\t\t\t<\/div>\n\t\t\t\t\t<\/div>\n\t\t<\/div>\n\t\t\t\t<div class=\"elementor-column elementor-col-33 elementor-inner-column elementor-element elementor-element-bca61bc elementor-invisible\" data-id=\"bca61bc\" data-element_type=\"column\" data-e-type=\"column\" data-settings=\"{&quot;animation&quot;:&quot;slideInLeft&quot;,&quot;background_background&quot;:&quot;classic&quot;}\">\n\t\t\t<div class=\"elementor-widget-wrap elementor-element-populated\">\n\t\t\t\t\t\t<div class=\"elementor-element elementor-element-f130c3e elementor-widget elementor-widget-image\" data-id=\"f130c3e\" data-element_type=\"widget\" data-e-type=\"widget\" data-widget_type=\"image.default\">\n\t\t\t\t<div class=\"elementor-widget-container\">\n\t\t\t\t\t\t\t\t\t\t\t\t\t\t\t<img loading=\"lazy\" decoding=\"async\" width=\"509\" height=\"851\" src=\"https:\/\/csdcorp.us\/wp-content\/uploads\/2025\/07\/Mahmoud1.jpeg\" class=\"attachment-full size-full wp-image-4546\" alt=\"\" srcset=\"https:\/\/csdcorp.us\/wp-content\/uploads\/2025\/07\/Mahmoud1.jpeg 509w, https:\/\/csdcorp.us\/wp-content\/uploads\/2025\/07\/Mahmoud1-179x300.jpeg 179w\" sizes=\"(max-width: 509px) 100vw, 509px\" \/>\t\t\t\t\t\t\t\t\t\t\t\t\t\t\t<\/div>\n\t\t\t\t<\/div>\n\t\t\t\t<div class=\"elementor-element elementor-element-b98b4fe elementor-widget elementor-widget-heading\" data-id=\"b98b4fe\" data-element_type=\"widget\" data-e-type=\"widget\" data-widget_type=\"heading.default\">\n\t\t\t\t<div class=\"elementor-widget-container\">\n\t\t\t\t\t<h2 class=\"elementor-heading-title elementor-size-default\">Mahmoud A. Al-Sayyed <\/h2>\t\t\t\t<\/div>\n\t\t\t\t<\/div>\n\t\t\t\t<div class=\"elementor-element elementor-element-5354823 elementor-widget elementor-widget-heading\" data-id=\"5354823\" data-element_type=\"widget\" data-e-type=\"widget\" data-widget_type=\"heading.default\">\n\t\t\t\t<div class=\"elementor-widget-container\">\n\t\t\t\t\t<h2 class=\"elementor-heading-title elementor-size-default\">Unabh\u00e4ngiger Direktor<\/h2>\t\t\t\t<\/div>\n\t\t\t\t<\/div>\n\t\t\t\t\t<\/div>\n\t\t<\/div>\n\t\t\t\t<div class=\"elementor-column elementor-col-33 elementor-inner-column elementor-element elementor-element-c118c57 elementor-invisible\" data-id=\"c118c57\" data-element_type=\"column\" data-e-type=\"column\" data-settings=\"{&quot;animation&quot;:&quot;slideInLeft&quot;,&quot;background_background&quot;:&quot;classic&quot;}\">\n\t\t\t<div class=\"elementor-widget-wrap elementor-element-populated\">\n\t\t\t\t\t\t<div class=\"elementor-element elementor-element-1655331 elementor-widget elementor-widget-image\" data-id=\"1655331\" data-element_type=\"widget\" data-e-type=\"widget\" data-widget_type=\"image.default\">\n\t\t\t\t<div class=\"elementor-widget-container\">\n\t\t\t\t\t\t\t\t\t\t\t\t\t\t\t<img loading=\"lazy\" decoding=\"async\" width=\"629\" height=\"875\" src=\"https:\/\/csdcorp.us\/wp-content\/uploads\/2025\/07\/WhatsApp-Image-2025-07-18-at-6.26.19-PM.jpeg\" class=\"attachment-full size-full wp-image-4540\" alt=\"\" srcset=\"https:\/\/csdcorp.us\/wp-content\/uploads\/2025\/07\/WhatsApp-Image-2025-07-18-at-6.26.19-PM.jpeg 629w, https:\/\/csdcorp.us\/wp-content\/uploads\/2025\/07\/WhatsApp-Image-2025-07-18-at-6.26.19-PM-216x300.jpeg 216w\" sizes=\"(max-width: 629px) 100vw, 629px\" \/>\t\t\t\t\t\t\t\t\t\t\t\t\t\t\t<\/div>\n\t\t\t\t<\/div>\n\t\t\t\t<div class=\"elementor-element elementor-element-2763a3e elementor-widget elementor-widget-heading\" data-id=\"2763a3e\" data-element_type=\"widget\" data-e-type=\"widget\" data-widget_type=\"heading.default\">\n\t\t\t\t<div class=\"elementor-widget-container\">\n\t\t\t\t\t<h2 class=\"elementor-heading-title elementor-size-default\">Prof. Dr. Ralf Herwig<\/h2>\t\t\t\t<\/div>\n\t\t\t\t<\/div>\n\t\t\t\t<div class=\"elementor-element elementor-element-ae44653 elementor-widget elementor-widget-heading\" data-id=\"ae44653\" data-element_type=\"widget\" data-e-type=\"widget\" data-widget_type=\"heading.default\">\n\t\t\t\t<div class=\"elementor-widget-container\">\n\t\t\t\t\t<h2 class=\"elementor-heading-title elementor-size-default\">Unabh\u00e4ngiger Direktor<\/h2>\t\t\t\t<\/div>\n\t\t\t\t<\/div>\n\t\t\t\t\t<\/div>\n\t\t<\/div>\n\t\t\t\t\t<\/div>\n\t\t<\/section>\n\t\t\t\t\t<\/div>\n\t\t<\/div>\n\t\t\t\t\t<\/div>\n\t\t<\/section>\n\t\t\t\t<section class=\"elementor-section elementor-top-section elementor-element elementor-element-ca24e6c elementor-section-boxed elementor-section-height-default elementor-section-height-default\" data-id=\"ca24e6c\" data-element_type=\"section\" data-e-type=\"section\" data-settings=\"{&quot;background_background&quot;:&quot;classic&quot;}\">\n\t\t\t\t\t\t\t<div class=\"elementor-background-overlay\"><\/div>\n\t\t\t\t\t\t\t<div class=\"elementor-container elementor-column-gap-default\">\n\t\t\t\t\t<div class=\"elementor-column elementor-col-100 elementor-top-column elementor-element elementor-element-74f5087 elementor-invisible\" data-id=\"74f5087\" data-element_type=\"column\" data-e-type=\"column\" data-settings=\"{&quot;animation&quot;:&quot;slideInLeft&quot;}\">\n\t\t\t<div class=\"elementor-widget-wrap elementor-element-populated\">\n\t\t\t\t\t\t<div class=\"elementor-element elementor-element-aec5082 elementor-widget elementor-widget-heading\" data-id=\"aec5082\" data-element_type=\"widget\" data-e-type=\"widget\" data-widget_type=\"heading.default\">\n\t\t\t\t<div class=\"elementor-widget-container\">\n\t\t\t\t\t<h2 class=\"elementor-heading-title elementor-size-default\">Ihr zuverl\u00e4ssiger Partner f\u00fcr L\u00f6sungen im Gesundheitswesen\n<\/h2>\t\t\t\t<\/div>\n\t\t\t\t<\/div>\n\t\t\t\t<div class=\"elementor-element elementor-element-59f9e50 elementor-widget elementor-widget-text-editor\" data-id=\"59f9e50\" data-element_type=\"widget\" data-e-type=\"widget\" data-widget_type=\"text-editor.default\">\n\t\t\t\t<div class=\"elementor-widget-container\">\n\t\t\t\t\t\t\t\t\t<p><span style=\"font-weight: 400;\">Erleben Sie den Vorteil von CS Diagnostics Corp. - einen nahtlosen, konformen und effizienten Ansatz f\u00fcr die Bereitstellung innovativer L\u00f6sungen im Gesundheitswesen. Lassen Sie uns zusammenarbeiten, um eine ges\u00fcndere Zukunft zu schaffen.<\/span><\/p>\t\t\t\t\t\t\t\t<\/div>\n\t\t\t\t<\/div>\n\t\t\t\t\t<\/div>\n\t\t<\/div>\n\t\t\t\t\t<\/div>\n\t\t<\/section>\n\t\t\t\t<\/div>","protected":false},"excerpt":{"rendered":"<p>\u00dcber uns Wer wir sind CS Diagnostics Corp., ein renommiertes Mitglied der CS Group, ist ein f\u00fchrendes Unternehmen der Medizinbranche, das sich f\u00fcr die Verbesserung der Patientenversorgung durch innovative L\u00f6sungen einsetzt. Mit jahrzehntelanger Erfahrung in der Entwicklung, Herstellung und dem Vertrieb von Wellness- und Medizinprodukten haben wir uns als zuverl\u00e4ssiger Partner im globalen Gesundheitswesen etabliert.  Was wir tun [...]<\/p>","protected":false},"author":1,"featured_media":0,"parent":0,"menu_order":0,"comment_status":"closed","ping_status":"closed","template":"","meta":{"footnotes":""},"class_list":["post-326","page","type-page","status-publish","hentry"],"_links":{"self":[{"href":"https:\/\/csdcorp.us\/de\/wp-json\/wp\/v2\/pages\/326","targetHints":{"allow":["GET"]}}],"collection":[{"href":"https:\/\/csdcorp.us\/de\/wp-json\/wp\/v2\/pages"}],"about":[{"href":"https:\/\/csdcorp.us\/de\/wp-json\/wp\/v2\/types\/page"}],"author":[{"embeddable":true,"href":"https:\/\/csdcorp.us\/de\/wp-json\/wp\/v2\/users\/1"}],"replies":[{"embeddable":true,"href":"https:\/\/csdcorp.us\/de\/wp-json\/wp\/v2\/comments?post=326"}],"version-history":[{"count":469,"href":"https:\/\/csdcorp.us\/de\/wp-json\/wp\/v2\/pages\/326\/revisions"}],"predecessor-version":[{"id":4549,"href":"https:\/\/csdcorp.us\/de\/wp-json\/wp\/v2\/pages\/326\/revisions\/4549"}],"wp:attachment":[{"href":"https:\/\/csdcorp.us\/de\/wp-json\/wp\/v2\/media?parent=326"}],"curies":[{"name":"wp","href":"https:\/\/api.w.org\/{rel}","templated":true}]}}